{"id":261,"date":"2023-11-01T22:10:38","date_gmt":"2023-11-01T15:10:38","guid":{"rendered":"https:\/\/247auto.vn\/?post_type=product&#038;p=261"},"modified":"2025-07-20T14:27:23","modified_gmt":"2025-07-20T07:27:23","slug":"dan-phim-cach-nhiet-o-to-quan-2-copy","status":"publish","type":"product","link":"https:\/\/247auto.vn\/?product=dan-phim-cach-nhiet-o-to-quan-2-copy","title":{"rendered":"D\u00e1n phim c\u00e1ch nhi\u1ec7t \u00f4 t\u00f4 Qu\u1eadn 3"},"content":{"rendered":"<p><span style=\"font-family: helvetica, arial, sans-serif;\"> <img loading=\"lazy\" decoding=\"async\" class=\"wp-image-258 alignnone size-medium\" src=\"http:\/\/247auto.vn\/wp-content\/uploads\/2023\/11\/style-3.gif\" alt=\"\" width=\"1\" height=\"1\" \/><span style=\"font-size: 120%; line-height: 107%; color: #000000;\">D\u00e1n phim c\u00e1ch nhi\u1ec7t \u00f4 t\u00f4 Qu\u1eadn 2 &#8211; 247Auto &#8211; Gi\u00e1 t\u1ed1t, ch\u1ea5t l\u01b0\u1ee3ng cao<\/span><\/span><\/p>\n<p class=\"MsoNormal\"><span style=\"font-size: 120%; color: #000000; font-family: helvetica, arial, sans-serif;\">Th\u1eddi ti\u1ebft n\u1eafng n\u00f3ng l\u00e0 m\u1ed9t trong nh\u1eefng v\u1ea5n \u0111\u1ec1 khi\u1ebfn ng\u01b0\u1eddi l\u00e1i xe c\u1ea3m th\u1ea5y kh\u00f3 ch\u1ecbu nh\u1ea5t. D\u00e1n phim c\u00e1ch nhi\u1ec7t \u00f4 t\u00f4 l\u00e0 gi\u1ea3i ph\u00e1p hi\u1ec7u qu\u1ea3 gi\u00fap gi\u1ea3m b\u1edbt nhi\u1ec7t \u0111\u1ed9 trong xe, b\u1ea3o v\u1ec7 s\u1ee9c kh\u1ecfe v\u00e0 t\u00e0i s\u1ea3n c\u1ee7a b\u1ea1n.<\/span><\/p>\n<p class=\"MsoNormal\"><span style=\"font-size: 120%; color: #000000; font-family: helvetica, arial, sans-serif;\">L\u1ee3i \u00edch c\u1ee7a vi\u1ec7c d\u00e1n phim c\u00e1ch nhi\u1ec7t \u00f4 t\u00f4:<\/span><\/p>\n<ul>\n<li class=\"MsoNormal\"><span style=\"font-size: 120%; color: #000000; font-family: helvetica, arial, sans-serif;\">Ch\u1ed1ng n\u00f3ng hi\u1ec7u qu\u1ea3:\u00a0Phim c\u00e1ch nhi\u1ec7t c\u00f3 kh\u1ea3 n\u0103ng ng\u0103n ch\u1eb7n 90% &#8211; 99% tia h\u1ed3ng ngo\u1ea1i,\u00a0gi\u00fap gi\u1ea3m nhi\u1ec7t \u0111\u1ed9 trong xe xu\u1ed1ng t\u1eeb 5 &#8211; 10 \u0111\u1ed9 C.<\/span><\/li>\n<li class=\"MsoNormal\"><span style=\"font-size: 120%; color: #000000; font-family: helvetica, arial, sans-serif;\">B\u1ea3o v\u1ec7 s\u1ee9c kh\u1ecfe:\u00a0Tia UV c\u00f3 h\u1ea1i cho da v\u00e0 m\u1eaft,\u00a0d\u00e1n phim c\u00e1ch nhi\u1ec7t s\u1ebd gi\u00fap b\u1ea3o v\u1ec7 b\u1ea1n kh\u1ecfi t\u00e1c h\u1ea1i c\u1ee7a tia UV.<\/span><\/li>\n<li class=\"MsoNormal\"><span style=\"font-size: 120%; color: #000000; font-family: helvetica, arial, sans-serif;\">Ti\u1ebft ki\u1ec7m nhi\u00ean li\u1ec7u:\u00a0Khi nhi\u1ec7t \u0111\u1ed9 trong xe th\u1ea5p,\u00a0m\u00e1y l\u1ea1nh s\u1ebd kh\u00f4ng ph\u1ea3i ho\u1ea1t \u0111\u1ed9ng qu\u00e1 nhi\u1ec1u,\u00a0gi\u00fap ti\u1ebft ki\u1ec7m nhi\u00ean li\u1ec7u.<\/span><\/li>\n<li class=\"MsoNormal\"><span style=\"font-size: 120%; color: #000000; font-family: helvetica, arial, sans-serif;\">T\u1ea1o s\u1ef1 ri\u00eang t\u01b0:\u00a0Phim c\u00e1ch nhi\u1ec7t gi\u00fap ng\u0103n ch\u1eb7n ng\u01b0\u1eddi b\u00ean ngo\u00e0i nh\u00ecn v\u00e0o trong xe,\u00a0t\u1ea1o s\u1ef1 ri\u00eang t\u01b0 cho b\u1ea1n.<\/span><\/li>\n<li class=\"MsoNormal\"><span style=\"font-size: 120%; color: #000000; font-family: helvetica, arial, sans-serif;\">T\u0103ng t\u00ednh th\u1ea9m m\u1ef9:\u00a0Phim c\u00e1ch nhi\u1ec7t c\u00f3 nhi\u1ec1u m\u00e0u s\u1eafc v\u00e0 ki\u1ec3u d\u00e1ng kh\u00e1c nhau,\u00a0gi\u00fap t\u0103ng t\u00ednh th\u1ea9m m\u1ef9 cho chi\u1ebfc xe c\u1ee7a b\u1ea1n.<\/span><\/li>\n<\/ul>\n<p class=\"MsoNormal\"><span style=\"font-size: 120%; color: #000000; font-family: helvetica, arial, sans-serif;\">D\u1ecbch v\u1ee5 d\u00e1n phim c\u00e1ch nhi\u1ec7t c\u1ee7a 247Auto:<\/span><\/p>\n<ul>\n<li class=\"MsoNormal\"><span style=\"font-size: 120%; color: #000000; font-family: helvetica, arial, sans-serif;\">Chuy\u00ean cung c\u1ea5p c\u00e1c lo\u1ea1i phim c\u00e1ch nhi\u1ec7t ch\u00ednh h\u00e3ng, ch\u1ea5t l\u01b0\u1ee3ng cao.<\/span><\/li>\n<li class=\"MsoNormal\"><span style=\"font-size: 120%; color: #000000; font-family: helvetica, arial, sans-serif;\">\u0110\u1ed9i ng\u0169 k\u1ef9 thu\u1eadt vi\u00ean chuy\u00ean nghi\u1ec7p, tay ngh\u1ec1 cao.<\/span><\/li>\n<li class=\"MsoNormal\"><span style=\"font-size: 120%; color: #000000; font-family: helvetica, arial, sans-serif;\">Th\u1eddi gian thi c\u00f4ng nhanh ch\u00f3ng, ch\u00ednh x\u00e1c.<\/span><\/li>\n<\/ul>\n<p><span style=\"font-size: 120%; line-height: 107%; font-family: helvetica, arial, sans-serif; color: #000000;\"> Ch\u1ebf \u0111\u1ed9 b\u1ea3o h\u00e0nh d\u00e0i h\u1ea1n.<\/span><\/p>\n<p class=\"MsoNormal\"><span style=\"font-family: helvetica, arial, sans-serif; font-size: 120%;\"><span style=\"color: #000000;\">D\u00e1n phim c\u00e1ch nhi\u1ec7t \u00f4 t\u00f4 l\u00e0 m\u1ed9t gi\u1ea3i ph\u00e1p th\u00f4ng minh gi\u00fap b\u1ea3o v\u1ec7 s\u1ee9c kh\u1ecfe, t\u00e0i s\u1ea3n v\u00e0 t\u0103ng t\u00ednh th\u1ea9m m\u1ef9 cho chi\u1ebfc xe c\u1ee7a b\u1ea1n. H\u00e3y \u0111\u1ebfn v\u1edbi 247Auto \u0111\u1ec3 \u0111\u01b0\u1ee3c t\u01b0 v\u1ea5n v\u00e0 l\u1eafp \u0111\u1eb7t phim c\u00e1ch nhi\u1ec7t ch\u00ednh h\u00e3ng, ch\u1ea5t l\u01b0\u1ee3ng cao v\u1edbi gi\u00e1 t\u1ed1t nh\u1ea5t t\u1ea1i Qu\u1eadn 2, TP.HCM.<\/span><\/span><\/p>\n<p><span style=\"font-size: 130%;\">H\u00e3y li\u00ean h\u1ec7 <a href=\"https:\/\/auto247.vn\">auto247.vn<\/a><\/span><\/p>\n<p><span style=\"font-size: 120%; line-height: 107%; font-family: helvetica, arial, sans-serif; color: #000000;\">Xem th\u00eam c\u00e1c d\u1ecbch v\u1ee5 kh\u00e1c.<\/span><\/p>\n","protected":false},"excerpt":{"rendered":"<p>D\u00e1n phim c\u00e1ch nhi\u1ec7t \u00f4 t\u00f4 Qu\u1eadn 2 &#8211; 247Auto &#8211; Gi\u00e1 t\u1ed1t, ch\u1ea5t l\u01b0\u1ee3ng cao Th\u1eddi ti\u1ebft n\u1eafng n\u00f3ng l\u00e0 m\u1ed9t trong nh\u1eefng v\u1ea5n \u0111\u1ec1 khi\u1ebfn ng\u01b0\u1eddi l\u00e1i xe c\u1ea3m th\u1ea5y kh\u00f3 ch\u1ecbu nh\u1ea5t. D\u00e1n phim c\u00e1ch nhi\u1ec7t \u00f4 t\u00f4 l\u00e0 gi\u1ea3i ph\u00e1p hi\u1ec7u qu\u1ea3 gi\u00fap gi\u1ea3m b\u1edbt nhi\u1ec7t \u0111\u1ed9 trong xe, b\u1ea3o v\u1ec7 [&#8230;]\n","protected":false},"featured_media":253,"comment_status":"open","ping_status":"closed","template":"","meta":[],"product_brand":[],"product_cat":[15],"product_tag":[],"class_list":{"0":"post-261","1":"product","2":"type-product","3":"status-publish","4":"has-post-thumbnail","6":"product_cat-uncategorized","8":"first","9":"instock","10":"shipping-taxable","11":"product-type-simple"},"yoast_head":"<!-- This site is optimized with the Yoast SEO plugin v27.5 - https:\/\/yoast.com\/product\/yoast-seo-wordpress\/ -->\n<title>D\u00e1n phim c\u00e1ch nhi\u1ec7t \u00f4 t\u00f4 Qu\u1eadn 3 - 247Auto Retrofit<\/title>\n<meta name=\"robots\" content=\"index, follow, max-snippet:-1, max-image-preview:large, max-video-preview:-1\" \/>\n<link rel=\"canonical\" href=\"https:\/\/247auto.vn\/?product=dan-phim-cach-nhiet-o-to-quan-2-copy\" \/>\n<meta property=\"og:locale\" content=\"vi_VN\" \/>\n<meta property=\"og:type\" content=\"article\" \/>\n<meta property=\"og:title\" content=\"D\u00e1n phim c\u00e1ch nhi\u1ec7t \u00f4 t\u00f4 Qu\u1eadn 3 - 247Auto Retrofit\" \/>\n<meta property=\"og:description\" content=\"D\u00e1n phim c\u00e1ch nhi\u1ec7t \u00f4 t\u00f4 Qu\u1eadn 2 &#8211; 247Auto &#8211; Gi\u00e1 t\u1ed1t, ch\u1ea5t l\u01b0\u1ee3ng cao Th\u1eddi ti\u1ebft n\u1eafng n\u00f3ng l\u00e0 m\u1ed9t trong nh\u1eefng v\u1ea5n \u0111\u1ec1 khi\u1ebfn ng\u01b0\u1eddi l\u00e1i xe c\u1ea3m th\u1ea5y kh\u00f3 ch\u1ecbu nh\u1ea5t. D\u00e1n phim c\u00e1ch nhi\u1ec7t \u00f4 t\u00f4 l\u00e0 gi\u1ea3i ph\u00e1p hi\u1ec7u qu\u1ea3 gi\u00fap gi\u1ea3m b\u1edbt nhi\u1ec7t \u0111\u1ed9 trong xe, b\u1ea3o v\u1ec7 [...]\" \/>\n<meta property=\"og:url\" content=\"https:\/\/247auto.vn\/?product=dan-phim-cach-nhiet-o-to-quan-2-copy\" \/>\n<meta property=\"og:site_name\" content=\"247Auto Retrofit\" \/>\n<meta property=\"article:modified_time\" content=\"2025-07-20T07:27:23+00:00\" \/>\n<meta property=\"og:image\" content=\"https:\/\/247auto.vn\/wp-content\/uploads\/2023\/11\/327987924_732039714911731_7262238336437167090_n-1.jpg\" \/>\n\t<meta property=\"og:image:width\" content=\"1440\" \/>\n\t<meta property=\"og:image:height\" content=\"1080\" \/>\n\t<meta property=\"og:image:type\" content=\"image\/jpeg\" \/>\n<meta name=\"twitter:card\" content=\"summary_large_image\" \/>\n<meta name=\"twitter:label1\" content=\"\u01af\u1edbc t\u00ednh th\u1eddi gian \u0111\u1ecdc\" \/>\n\t<meta name=\"twitter:data1\" content=\"2 ph\u00fat\" \/>\n<script type=\"application\/ld+json\" class=\"yoast-schema-graph\">{\"@context\":\"https:\\\/\\\/schema.org\",\"@graph\":[{\"@type\":\"WebPage\",\"@id\":\"https:\\\/\\\/247auto.vn\\\/?product=dan-phim-cach-nhiet-o-to-quan-2-copy\",\"url\":\"https:\\\/\\\/247auto.vn\\\/?product=dan-phim-cach-nhiet-o-to-quan-2-copy\",\"name\":\"D\u00e1n phim c\u00e1ch nhi\u1ec7t \u00f4 t\u00f4 Qu\u1eadn 3 - 247Auto Retrofit\",\"isPartOf\":{\"@id\":\"https:\\\/\\\/247auto.vn\\\/#website\"},\"primaryImageOfPage\":{\"@id\":\"https:\\\/\\\/247auto.vn\\\/?product=dan-phim-cach-nhiet-o-to-quan-2-copy#primaryimage\"},\"image\":{\"@id\":\"https:\\\/\\\/247auto.vn\\\/?product=dan-phim-cach-nhiet-o-to-quan-2-copy#primaryimage\"},\"thumbnailUrl\":\"https:\\\/\\\/247auto.vn\\\/wp-content\\\/uploads\\\/2023\\\/11\\\/327987924_732039714911731_7262238336437167090_n-1.jpg\",\"datePublished\":\"2023-11-01T15:10:38+00:00\",\"dateModified\":\"2025-07-20T07:27:23+00:00\",\"breadcrumb\":{\"@id\":\"https:\\\/\\\/247auto.vn\\\/?product=dan-phim-cach-nhiet-o-to-quan-2-copy#breadcrumb\"},\"inLanguage\":\"vi\",\"potentialAction\":[{\"@type\":\"ReadAction\",\"target\":[\"https:\\\/\\\/247auto.vn\\\/?product=dan-phim-cach-nhiet-o-to-quan-2-copy\"]}]},{\"@type\":\"ImageObject\",\"inLanguage\":\"vi\",\"@id\":\"https:\\\/\\\/247auto.vn\\\/?product=dan-phim-cach-nhiet-o-to-quan-2-copy#primaryimage\",\"url\":\"https:\\\/\\\/247auto.vn\\\/wp-content\\\/uploads\\\/2023\\\/11\\\/327987924_732039714911731_7262238336437167090_n-1.jpg\",\"contentUrl\":\"https:\\\/\\\/247auto.vn\\\/wp-content\\\/uploads\\\/2023\\\/11\\\/327987924_732039714911731_7262238336437167090_n-1.jpg\",\"width\":1440,\"height\":1080},{\"@type\":\"BreadcrumbList\",\"@id\":\"https:\\\/\\\/247auto.vn\\\/?product=dan-phim-cach-nhiet-o-to-quan-2-copy#breadcrumb\",\"itemListElement\":[{\"@type\":\"ListItem\",\"position\":1,\"name\":\"Trang ch\u1ee7\",\"item\":\"https:\\\/\\\/247auto.vn\\\/\"},{\"@type\":\"ListItem\",\"position\":2,\"name\":\"S\u1ea3n ph\u1ea9m\",\"item\":\"https:\\\/\\\/247auto.vn\\\/?post_type=product\"},{\"@type\":\"ListItem\",\"position\":3,\"name\":\"D\u00e1n phim c\u00e1ch nhi\u1ec7t \u00f4 t\u00f4 Qu\u1eadn 3\"}]},{\"@type\":\"WebSite\",\"@id\":\"https:\\\/\\\/247auto.vn\\\/#website\",\"url\":\"https:\\\/\\\/247auto.vn\\\/\",\"name\":\"247Auto Retrofit\",\"description\":\"\",\"potentialAction\":[{\"@type\":\"SearchAction\",\"target\":{\"@type\":\"EntryPoint\",\"urlTemplate\":\"https:\\\/\\\/247auto.vn\\\/?s={search_term_string}\"},\"query-input\":{\"@type\":\"PropertyValueSpecification\",\"valueRequired\":true,\"valueName\":\"search_term_string\"}}],\"inLanguage\":\"vi\"}]}<\/script>\n<!-- \/ Yoast SEO plugin. -->","yoast_head_json":{"title":"D\u00e1n phim c\u00e1ch nhi\u1ec7t \u00f4 t\u00f4 Qu\u1eadn 3 - 247Auto Retrofit","robots":{"index":"index","follow":"follow","max-snippet":"max-snippet:-1","max-image-preview":"max-image-preview:large","max-video-preview":"max-video-preview:-1"},"canonical":"https:\/\/247auto.vn\/?product=dan-phim-cach-nhiet-o-to-quan-2-copy","og_locale":"vi_VN","og_type":"article","og_title":"D\u00e1n phim c\u00e1ch nhi\u1ec7t \u00f4 t\u00f4 Qu\u1eadn 3 - 247Auto Retrofit","og_description":"D\u00e1n phim c\u00e1ch nhi\u1ec7t \u00f4 t\u00f4 Qu\u1eadn 2 &#8211; 247Auto &#8211; Gi\u00e1 t\u1ed1t, ch\u1ea5t l\u01b0\u1ee3ng cao Th\u1eddi ti\u1ebft n\u1eafng n\u00f3ng l\u00e0 m\u1ed9t trong nh\u1eefng v\u1ea5n \u0111\u1ec1 khi\u1ebfn ng\u01b0\u1eddi l\u00e1i xe c\u1ea3m th\u1ea5y kh\u00f3 ch\u1ecbu nh\u1ea5t. D\u00e1n phim c\u00e1ch nhi\u1ec7t \u00f4 t\u00f4 l\u00e0 gi\u1ea3i ph\u00e1p hi\u1ec7u qu\u1ea3 gi\u00fap gi\u1ea3m b\u1edbt nhi\u1ec7t \u0111\u1ed9 trong xe, b\u1ea3o v\u1ec7 [...]","og_url":"https:\/\/247auto.vn\/?product=dan-phim-cach-nhiet-o-to-quan-2-copy","og_site_name":"247Auto Retrofit","article_modified_time":"2025-07-20T07:27:23+00:00","og_image":[{"width":1440,"height":1080,"url":"https:\/\/247auto.vn\/wp-content\/uploads\/2023\/11\/327987924_732039714911731_7262238336437167090_n-1.jpg","type":"image\/jpeg"}],"twitter_card":"summary_large_image","twitter_misc":{"\u01af\u1edbc t\u00ednh th\u1eddi gian \u0111\u1ecdc":"2 ph\u00fat"},"schema":{"@context":"https:\/\/schema.org","@graph":[{"@type":"WebPage","@id":"https:\/\/247auto.vn\/?product=dan-phim-cach-nhiet-o-to-quan-2-copy","url":"https:\/\/247auto.vn\/?product=dan-phim-cach-nhiet-o-to-quan-2-copy","name":"D\u00e1n phim c\u00e1ch nhi\u1ec7t \u00f4 t\u00f4 Qu\u1eadn 3 - 247Auto Retrofit","isPartOf":{"@id":"https:\/\/247auto.vn\/#website"},"primaryImageOfPage":{"@id":"https:\/\/247auto.vn\/?product=dan-phim-cach-nhiet-o-to-quan-2-copy#primaryimage"},"image":{"@id":"https:\/\/247auto.vn\/?product=dan-phim-cach-nhiet-o-to-quan-2-copy#primaryimage"},"thumbnailUrl":"https:\/\/247auto.vn\/wp-content\/uploads\/2023\/11\/327987924_732039714911731_7262238336437167090_n-1.jpg","datePublished":"2023-11-01T15:10:38+00:00","dateModified":"2025-07-20T07:27:23+00:00","breadcrumb":{"@id":"https:\/\/247auto.vn\/?product=dan-phim-cach-nhiet-o-to-quan-2-copy#breadcrumb"},"inLanguage":"vi","potentialAction":[{"@type":"ReadAction","target":["https:\/\/247auto.vn\/?product=dan-phim-cach-nhiet-o-to-quan-2-copy"]}]},{"@type":"ImageObject","inLanguage":"vi","@id":"https:\/\/247auto.vn\/?product=dan-phim-cach-nhiet-o-to-quan-2-copy#primaryimage","url":"https:\/\/247auto.vn\/wp-content\/uploads\/2023\/11\/327987924_732039714911731_7262238336437167090_n-1.jpg","contentUrl":"https:\/\/247auto.vn\/wp-content\/uploads\/2023\/11\/327987924_732039714911731_7262238336437167090_n-1.jpg","width":1440,"height":1080},{"@type":"BreadcrumbList","@id":"https:\/\/247auto.vn\/?product=dan-phim-cach-nhiet-o-to-quan-2-copy#breadcrumb","itemListElement":[{"@type":"ListItem","position":1,"name":"Trang ch\u1ee7","item":"https:\/\/247auto.vn\/"},{"@type":"ListItem","position":2,"name":"S\u1ea3n ph\u1ea9m","item":"https:\/\/247auto.vn\/?post_type=product"},{"@type":"ListItem","position":3,"name":"D\u00e1n phim c\u00e1ch nhi\u1ec7t \u00f4 t\u00f4 Qu\u1eadn 3"}]},{"@type":"WebSite","@id":"https:\/\/247auto.vn\/#website","url":"https:\/\/247auto.vn\/","name":"247Auto Retrofit","description":"","potentialAction":[{"@type":"SearchAction","target":{"@type":"EntryPoint","urlTemplate":"https:\/\/247auto.vn\/?s={search_term_string}"},"query-input":{"@type":"PropertyValueSpecification","valueRequired":true,"valueName":"search_term_string"}}],"inLanguage":"vi"}]}},"jetpack_sharing_enabled":true,"_links":{"self":[{"href":"https:\/\/247auto.vn\/index.php?rest_route=\/wp\/v2\/product\/261","targetHints":{"allow":["GET"]}}],"collection":[{"href":"https:\/\/247auto.vn\/index.php?rest_route=\/wp\/v2\/product"}],"about":[{"href":"https:\/\/247auto.vn\/index.php?rest_route=\/wp\/v2\/types\/product"}],"replies":[{"embeddable":true,"href":"https:\/\/247auto.vn\/index.php?rest_route=%2Fwp%2Fv2%2Fcomments&post=261"}],"wp:featuredmedia":[{"embeddable":true,"href":"https:\/\/247auto.vn\/index.php?rest_route=\/wp\/v2\/media\/253"}],"wp:attachment":[{"href":"https:\/\/247auto.vn\/index.php?rest_route=%2Fwp%2Fv2%2Fmedia&parent=261"}],"wp:term":[{"taxonomy":"product_brand","embeddable":true,"href":"https:\/\/247auto.vn\/index.php?rest_route=%2Fwp%2Fv2%2Fproduct_brand&post=261"},{"taxonomy":"product_cat","embeddable":true,"href":"https:\/\/247auto.vn\/index.php?rest_route=%2Fwp%2Fv2%2Fproduct_cat&post=261"},{"taxonomy":"product_tag","embeddable":true,"href":"https:\/\/247auto.vn\/index.php?rest_route=%2Fwp%2Fv2%2Fproduct_tag&post=261"}],"curies":[{"name":"wp","href":"https:\/\/api.w.org\/{rel}","templated":true}]}}